{"id":10,"date":"2019-03-14T16:03:58","date_gmt":"2019-03-14T16:03:58","guid":{"rendered":"https:\/\/wordpress.timebandits-dortmund.de\/?page_id=10"},"modified":"2022-11-06T16:40:19","modified_gmt":"2022-11-06T16:40:19","slug":"die-band","status":"publish","type":"page","link":"https:\/\/timebandits-dortmund.de\/index.php\/die-band\/","title":{"rendered":"Die Band"},"content":{"rendered":"\n<p>Die TIME BANDITS, das sind ein Pfund Rock, eine Prise Groove, zwei Frontfrauen mit Pfeffer und Gef\u00fchl, eine hei\u00dfe Rhythmusgruppe an zwei scharfen Gitarren verfeinert mit einem coolen Keyboard. Aus diesen Zutaten schaffen die Banditen einen mitrei\u00dfenden Mix aus Rock-, Soul-, Pop- &amp; Funk-Delikatessen mit Songs von Pink und Patty Smith \u00fcber Santana bis zu Simply Red und Chaka Khan.<\/p>\n\n\n\n<figure class=\"wp-block-table\"><table><tbody><tr><td><strong>Besetzung<\/strong><\/td><td><\/td><\/tr><tr><td>Anja Kinkela (voc) <\/td><td>Katja Gutowski (voc) <\/td><\/tr><tr><td>Mathias Henke (dr)<\/td><td>Dirk Polo Bollenberg (b\/voc)  <\/td><\/tr><tr><td>Peter Beck (git) <\/td><td>Michael Mike Rochnia (key\/voc)  <\/td><\/tr><tr><td><\/td><td>Jobst Bickendorf (git)<\/td><\/tr><\/tbody><\/table><\/figure>\n\n\n\n<div style=\"height:20px\" aria-hidden=\"true\" class=\"wp-block-spacer\"><\/div>\n\n\n\n<div style=\"height:20px\" aria-hidden=\"true\" class=\"wp-block-spacer\"><\/div>\n\n\n\n<div class=\"wp-block-media-text alignwide is-stacked-on-mobile\" style=\"grid-template-columns:41% auto\"><figure class=\"wp-block-media-text__media\"><img loading=\"lazy\" decoding=\"async\" width=\"999\" height=\"1024\" src=\"https:\/\/timebandits-dortmund.de\/wp-content\/uploads\/2020\/01\/w_IMG_0316_anja_1000x1025_cut-999x1024.jpg\" alt=\"\" class=\"wp-image-259 size-full\" srcset=\"https:\/\/timebandits-dortmund.de\/wp-content\/uploads\/2020\/01\/w_IMG_0316_anja_1000x1025_cut-999x1024.jpg 999w, https:\/\/timebandits-dortmund.de\/wp-content\/uploads\/2020\/01\/w_IMG_0316_anja_1000x1025_cut-293x300.jpg 293w, https:\/\/timebandits-dortmund.de\/wp-content\/uploads\/2020\/01\/w_IMG_0316_anja_1000x1025_cut-768x787.jpg 768w, https:\/\/timebandits-dortmund.de\/wp-content\/uploads\/2020\/01\/w_IMG_0316_anja_1000x1025_cut.jpg 1000w\" sizes=\"auto, (max-width: 767px) 89vw, (max-width: 1000px) 54vw, (max-width: 1071px) 543px, 580px\" \/><\/figure><div class=\"wp-block-media-text__content\">\n<p class=\"has-medium-font-size\">Anja Kinkela:  Vocals<\/p>\n<\/div><\/div>\n\n\n\n<div class=\"wp-block-media-text alignwide has-media-on-the-right is-stacked-on-mobile\" style=\"grid-template-columns:auto 41%\"><div class=\"wp-block-media-text__content\">\n<p class=\"has-medium-font-size\">Katja Gutowski:  Vocals<\/p>\n<\/div><figure class=\"wp-block-media-text__media\"><img loading=\"lazy\" decoding=\"async\" width=\"912\" height=\"1024\" src=\"https:\/\/timebandits-dortmund.de\/wp-content\/uploads\/2020\/01\/w_IMG_0305_katja_1000x1123_cut-912x1024.jpg\" alt=\"\" class=\"wp-image-260 size-full\" srcset=\"https:\/\/timebandits-dortmund.de\/wp-content\/uploads\/2020\/01\/w_IMG_0305_katja_1000x1123_cut-912x1024.jpg 912w, https:\/\/timebandits-dortmund.de\/wp-content\/uploads\/2020\/01\/w_IMG_0305_katja_1000x1123_cut-267x300.jpg 267w, https:\/\/timebandits-dortmund.de\/wp-content\/uploads\/2020\/01\/w_IMG_0305_katja_1000x1123_cut-768x862.jpg 768w, https:\/\/timebandits-dortmund.de\/wp-content\/uploads\/2020\/01\/w_IMG_0305_katja_1000x1123_cut.jpg 1000w\" sizes=\"auto, (max-width: 767px) 89vw, (max-width: 1000px) 54vw, (max-width: 1071px) 543px, 580px\" \/><\/figure><\/div>\n\n\n\n<div class=\"wp-block-media-text alignwide is-stacked-on-mobile\" style=\"grid-template-columns:45% auto\"><figure class=\"wp-block-media-text__media\"><img loading=\"lazy\" decoding=\"async\" width=\"1024\" height=\"1024\" src=\"https:\/\/timebandits-dortmund.de\/wp-content\/uploads\/2022\/05\/matthias-1024x1024.jpg\" alt=\"\" class=\"wp-image-325 size-full\" srcset=\"https:\/\/timebandits-dortmund.de\/wp-content\/uploads\/2022\/05\/matthias-1024x1024.jpg 1024w, https:\/\/timebandits-dortmund.de\/wp-content\/uploads\/2022\/05\/matthias-300x300.jpg 300w, https:\/\/timebandits-dortmund.de\/wp-content\/uploads\/2022\/05\/matthias-150x150.jpg 150w, https:\/\/timebandits-dortmund.de\/wp-content\/uploads\/2022\/05\/matthias-768x768.jpg 768w, https:\/\/timebandits-dortmund.de\/wp-content\/uploads\/2022\/05\/matthias-100x100.jpg 100w, https:\/\/timebandits-dortmund.de\/wp-content\/uploads\/2022\/05\/matthias.jpg 1202w\" sizes=\"auto, (max-width: 767px) 89vw, (max-width: 1000px) 54vw, (max-width: 1071px) 543px, 580px\" \/><\/figure><div class=\"wp-block-media-text__content\">\n<p class=\"has-medium-font-size\">Mathias Henke:  Drums<br><\/p>\n<\/div><\/div>\n\n\n\n<div class=\"wp-block-media-text alignwide has-media-on-the-right is-stacked-on-mobile\"><div class=\"wp-block-media-text__content\">\n<p class=\"has-medium-font-size\">Michael Mike Rochnia: Keyboards<\/p>\n<\/div><figure class=\"wp-block-media-text__media\"><img loading=\"lazy\" decoding=\"async\" width=\"960\" height=\"954\" src=\"https:\/\/timebandits-dortmund.de\/wp-content\/uploads\/2022\/05\/mike.png\" alt=\"\" class=\"wp-image-293 size-full\" srcset=\"https:\/\/timebandits-dortmund.de\/wp-content\/uploads\/2022\/05\/mike.png 960w, https:\/\/timebandits-dortmund.de\/wp-content\/uploads\/2022\/05\/mike-300x298.png 300w, https:\/\/timebandits-dortmund.de\/wp-content\/uploads\/2022\/05\/mike-150x150.png 150w, https:\/\/timebandits-dortmund.de\/wp-content\/uploads\/2022\/05\/mike-768x763.png 768w, https:\/\/timebandits-dortmund.de\/wp-content\/uploads\/2022\/05\/mike-100x100.png 100w\" sizes=\"auto, (max-width: 767px) 89vw, (max-width: 1000px) 54vw, (max-width: 1071px) 543px, 580px\" \/><\/figure><\/div>\n\n\n\n<div class=\"wp-block-media-text alignwide is-stacked-on-mobile\"><figure class=\"wp-block-media-text__media\"><img loading=\"lazy\" decoding=\"async\" width=\"1024\" height=\"891\" src=\"https:\/\/timebandits-dortmund.de\/wp-content\/uploads\/2019\/04\/P3110072k-1024x891.jpg\" alt=\"\" class=\"wp-image-176 size-full\" srcset=\"https:\/\/timebandits-dortmund.de\/wp-content\/uploads\/2019\/04\/P3110072k-1024x891.jpg 1024w, https:\/\/timebandits-dortmund.de\/wp-content\/uploads\/2019\/04\/P3110072k-300x261.jpg 300w, https:\/\/timebandits-dortmund.de\/wp-content\/uploads\/2019\/04\/P3110072k-768x668.jpg 768w, https:\/\/timebandits-dortmund.de\/wp-content\/uploads\/2019\/04\/P3110072k.jpg 1926w\" sizes=\"auto, (max-width: 767px) 89vw, (max-width: 1000px) 54vw, (max-width: 1071px) 543px, 580px\" \/><\/figure><div class=\"wp-block-media-text__content\">\n<p class=\"has-medium-font-size\">Peter Beck: Guitars<\/p>\n<\/div><\/div>\n\n\n\n<p>1964 in Dortmund geboren, aufgewachsen, die Musik und eine Gitarre (Paulchen) entdeckt und nie wieder losgelassen. Gepr\u00e4gt von Pink Floyd, Grobschnitt und allem was rockt.  Erste und immer mal wieder auferstandene Band, die \u201eFrische Brise\u201c mit eigenen St\u00fccken und B\u00fchnenshow, brachte mich schon fr\u00fch mit Max,&nbsp; Polo und Gibsons \u201eGitti\u201czusammen. Es folgte die Erstgr\u00fcndung der \u201eTime Bandits\u201c als Coverband, der Kauf von Stratocaster \u201eLisa\u201c und ein Zwischenspiel mit \u201eHelvag Faer\u201c . 2007 Neugr\u00fcndung der \u201eTime Bandits\u201c, mit neuer Strat.    \u201eSunny\u201c und einem mitrei\u00dfendem Repertoire an St\u00fccken.   <\/p>\n\n\n\n<div class=\"wp-block-media-text alignwide is-stacked-on-mobile\"><figure class=\"wp-block-media-text__media\"><img loading=\"lazy\" decoding=\"async\" width=\"1024\" height=\"883\" src=\"https:\/\/timebandits-dortmund.de\/wp-content\/uploads\/2019\/04\/P3110156k-1024x883.jpg\" alt=\"\" class=\"wp-image-165 size-full\" srcset=\"https:\/\/timebandits-dortmund.de\/wp-content\/uploads\/2019\/04\/P3110156k-1024x883.jpg 1024w, https:\/\/timebandits-dortmund.de\/wp-content\/uploads\/2019\/04\/P3110156k-300x259.jpg 300w, https:\/\/timebandits-dortmund.de\/wp-content\/uploads\/2019\/04\/P3110156k-768x662.jpg 768w, https:\/\/timebandits-dortmund.de\/wp-content\/uploads\/2019\/04\/P3110156k.jpg 2001w\" sizes=\"auto, (max-width: 767px) 89vw, (max-width: 1000px) 54vw, (max-width: 1071px) 543px, 580px\" \/><\/figure><div class=\"wp-block-media-text__content\">\n<p class=\"has-medium-font-size\">Jobst Bickendorf: Guitars<\/p>\n<\/div><\/div>\n\n\n\n<p>Baujahr 1961 aus Dortmund.  Als Teenie Fan von Pink Floyd, Genesis, Santana, Uriah Heep und Suzie Quatro. Klassischer Gitarrenunterricht von 1973 bis 1979.  Ab 1982 Gitarrist in der \u201cVorw\u00e4rtsgang\u201d.   1985 Gr\u00fcndungsmitglied (mit Peter Beck) der Urbesetzung der heutigen \u201cTime Bandits\u201d.<\/p>\n","protected":false},"excerpt":{"rendered":"<p>Die TIME BANDITS, das sind ein Pfund Rock, eine Prise Groove, zwei Frontfrauen mit Pfeffer und Gef\u00fchl, eine hei\u00dfe Rhythmusgruppe an zwei scharfen Gitarren verfeinert mit einem coolen Keyboard. Aus diesen Zutaten schaffen die Banditen einen mitrei\u00dfenden Mix aus Rock-, Soul-, Pop- &amp; Funk-Delikatessen mit Songs von Pink und Patty Smith \u00fcber Santana bis zu &hellip; <\/p>\n<p class=\"link-more\"><a href=\"https:\/\/timebandits-dortmund.de\/index.php\/die-band\/\" class=\"more-link\"><span class=\"screen-reader-text\">\u201eDie Band\u201c <\/span>weiterlesen<\/a><\/p>\n","protected":false},"author":1,"featured_media":0,"parent":0,"menu_order":0,"comment_status":"closed","ping_status":"closed","template":"","meta":{"footnotes":""},"class_list":["post-10","page","type-page","status-publish","hentry"],"_links":{"self":[{"href":"https:\/\/timebandits-dortmund.de\/index.php\/wp-json\/wp\/v2\/pages\/10","targetHints":{"allow":["GET"]}}],"collection":[{"href":"https:\/\/timebandits-dortmund.de\/index.php\/wp-json\/wp\/v2\/pages"}],"about":[{"href":"https:\/\/timebandits-dortmund.de\/index.php\/wp-json\/wp\/v2\/types\/page"}],"author":[{"embeddable":true,"href":"https:\/\/timebandits-dortmund.de\/index.php\/wp-json\/wp\/v2\/users\/1"}],"replies":[{"embeddable":true,"href":"https:\/\/timebandits-dortmund.de\/index.php\/wp-json\/wp\/v2\/comments?post=10"}],"version-history":[{"count":57,"href":"https:\/\/timebandits-dortmund.de\/index.php\/wp-json\/wp\/v2\/pages\/10\/revisions"}],"predecessor-version":[{"id":335,"href":"https:\/\/timebandits-dortmund.de\/index.php\/wp-json\/wp\/v2\/pages\/10\/revisions\/335"}],"wp:attachment":[{"href":"https:\/\/timebandits-dortmund.de\/index.php\/wp-json\/wp\/v2\/media?parent=10"}],"curies":[{"name":"wp","href":"https:\/\/api.w.org\/{rel}","templated":true}]}}